{"id":28858,"date":"2019-03-29T11:00:24","date_gmt":"2019-03-29T15:00:24","guid":{"rendered":"https:\/\/todofrescord.com\/?page_id=28858"},"modified":"2023-07-18T11:31:54","modified_gmt":"2023-07-18T15:31:54","slug":"nosotros","status":"publish","type":"page","link":"https:\/\/todofrescord.com\/en\/nosotros\/","title":{"rendered":"About Us"},"content":{"rendered":"<p>[et_pb_section fb_built=\u00bb1&#8243; theme_builder_area=\u00bbpost_content\u00bb _builder_version=\u00bb4.14.6&#8243; _module_preset=\u00bbdefault\u00bb title_text=\u00bbTodofresco Nuevo &#8211; 48&#8243; background_image=\u00bbhttps:\/\/todofrescord.com\/wp-content\/uploads\/2023\/07\/48-2.jpg\u00bb background_position=\u00bbtop_center\u00bb hover_enabled=\u00bb0&#8243; sticky_enabled=\u00bb0&#8243; min_height_last_edited=\u00bbon|phone\u00bb height_last_edited=\u00bbon|phone\u00bb custom_margin_last_edited=\u00bbon|phone\u00bb custom_margin_phone=\u00bb||-98px||false|false\u00bb background_size=\u00bbinitial\u00bb][et_pb_row _builder_version=\u00bb4.14.6&#8243; _module_preset=\u00bbdefault\u00bb theme_builder_area=\u00bbpost_content\u00bb module_alignment_last_edited=\u00bbon|phone\u00bb hover_enabled=\u00bb0&#8243; sticky_enabled=\u00bb0&#8243;][et_pb_column _builder_version=\u00bb4.14.6&#8243; _module_preset=\u00bbdefault\u00bb type=\u00bb4_4&#8243; theme_builder_area=\u00bbpost_content\u00bb][et_pb_code _builder_version=\u00bb4.14.6&#8243; _module_preset=\u00bbdefault\u00bb theme_builder_area=\u00bbpost_content\u00bb hover_enabled=\u00bb0&#8243; sticky_enabled=\u00bb0&#8243; raw_content_last_edited=\u00bbon|desktop\u00bb raw_content_phone=\u00bb<iframe src=%22https:\/\/www.facebook.com\/plugins\/video.php?height=314&#038;href=https%3A%2F%2Fwww.facebook.com%2Ftodofrescoonline%2Fvideos%2F1664127190759436%2F&#038;show_text=false&#038;width=560&#038;t=0%22 width=%22900%22 height=300 style=%22border:none;overflow:hidden%22 scrolling=%22no%22 frameborder=%220%22 allowfullscreen=%22false%22 allow=%22autoplay; clipboard-write; encrypted-media; picture-in-picture; web-share%22 allowFullScreen=%22false%22><\/iframe>\u00ab]<iframe src=\"https:\/\/www.facebook.com\/plugins\/video.php?height=314&#038;href=https%3A%2F%2Fwww.facebook.com%2Ftodofrescoonline%2Fvideos%2F1664127190759436%2F&#038;show_text=false&#038;width=560&#038;t=0\" width=\"1280\" height=720 style=\"border:none;overflow:hidden\" scrolling=\"no\" frameborder=\"0\" allowfullscreen=\"false\" allow=\"autoplay; clipboard-write; encrypted-media; picture-in-picture; web-share\" allowFullScreen=\"false\"><\/iframe>[\/et_pb_code][\/et_pb_column][\/et_pb_row][et_pb_row _builder_version=\u00bb4.14.6&#8243; _module_preset=\u00bbdefault\u00bb theme_builder_area=\u00bbpost_content\u00bb width=\u00bb100%\u00bb max_width=\u00bb100%\u00bb use_custom_gutter=\u00bbon\u00bb gutter_width=\u00bb1&#8243; hover_enabled=\u00bb0&#8243; sticky_enabled=\u00bb0&#8243; custom_padding=\u00bb3px|||||\u00bb][et_pb_column _builder_version=\u00bb4.14.6&#8243; _module_preset=\u00bbdefault\u00bb type=\u00bb4_4&#8243; theme_builder_area=\u00bbpost_content\u00bb][et_pb_gallery _builder_version=\u00bb4.14.6&#8243; _module_preset=\u00bbdefault\u00bb theme_builder_area=\u00bbpost_content\u00bb posts_number=\u00bb20&#8243; show_title_and_caption=\u00bboff\u00bb show_pagination=\u00bboff\u00bb gallery_ids=\u00bb233131,233137,233134,233135,233133,233136,233138,233139,233140,233143,233141,233142&#8243; hover_enabled=\u00bb0&#8243; sticky_enabled=\u00bb0&#8243; hover_icon=\u00bb&#x2e;||divi||400&#8243; hover_overlay_color=\u00bbrgba(255,255,255,0.78)\u00bb][\/et_pb_gallery][\/et_pb_column][\/et_pb_row][\/et_pb_section][et_pb_section fb_built=\u00bb1&#8243; prev_background_color=\u00bb#ffffff\u00bb admin_label=\u00bbAbout\u00bb _builder_version=\u00bb4.8.1&#8243; background_color=\u00bb#FFFFFF\u00bb background_enable_image=\u00bboff\u00bb custom_padding=\u00bb8px|||||\u00bb top_divider_style=\u00bbasymmetric\u00bb top_divider_height=\u00bb47px\u00bb top_divider_flip=\u00bbhorizontal\u00bb locked=\u00bboff\u00bb global_colors_info=\u00bb{}\u00bb][et_pb_row column_structure=\u00bb2_5,3_5&#8243; _builder_version=\u00bb4.4.4&#8243; locked=\u00bboff\u00bb global_colors_info=\u00bb{}\u00bb][et_pb_column type=\u00bb2_5&#8243; _builder_version=\u00bb4.4.4&#8243; global_colors_info=\u00bb{}\u00bb][et_pb_text _builder_version=\u00bb4.8.1&#8243; text_font=\u00bb|300|||||||\u00bb text_text_color=\u00bb#7CDA24&#8243; text_font_size=\u00bb30px\u00bb header_2_font=\u00bbRoboto Slab||||||||\u00bb header_2_text_color=\u00bb#000000&#8243; header_2_font_size=\u00bb100px\u00bb header_2_line_height=\u00bb1.2em\u00bb z_index=\u00bb2&#8243; custom_margin=\u00bb10%||||false|false\u00bb custom_padding=\u00bb||||false|false\u00bb header_2_font_size_tablet=\u00bb40px\u00bb header_2_font_size_phone=\u00bb30px\u00bb header_2_font_size_last_edited=\u00bbon|phone\u00bb global_colors_info=\u00bb{}\u00bb]<\/p>\n<p>Nuestra<\/p>\n<h2>Visi\u00f3n<\/h2>\n<p>[\/et_pb_text][\/et_pb_column][et_pb_column type=\u00bb3_5&#8243; _builder_version=\u00bb4.4.4&#8243; global_colors_info=\u00bb{}\u00bb][et_pb_text _builder_version=\u00bb4.8.1&#8243; _module_preset=\u00bbdefault\u00bb text_font_size=\u00bb18px\u00bb header_font_size=\u00bb60px\u00bb custom_margin=\u00bb||||false|false\u00bb global_colors_info=\u00bb{}\u00bb]<\/p>\n<p>A trav\u00e9s de esta plataforma, queremos convertirnos en el aliado de tus compras. Nuestro compromiso es seleccionar productos de calidad e higiene para tu hogar con los mejores precios del mercado, ahorr\u00e1ndote tiempo y dinero que puedes disfrutar con tu familia.<\/p>\n<p>Creemos en la familia y en la importancia de invertir tiempo en ella. Creemos en la importancia de una alimentaci\u00f3n sana y el acceso a alimentos de calidad a bajo costo. Creemos en nuestra experiencia para brindarte un servicio de calidad.<\/p>\n<p>Somos la 4ta generaci\u00f3n de familias que han trabajado en la producci\u00f3n y\/o comercializaci\u00f3n de frutas, vegetales y v\u00edveres en el territorio nacional, con la finalidad de llevar calidad y bienestar a cada familia dominicana.<\/p>\n<p>[\/et_pb_text][\/et_pb_column][\/et_pb_row][et_pb_row _builder_version=\u00bb4.14.6&#8243; _module_preset=\u00bbdefault\u00bb background_image=\u00bbhttps:\/\/todofrescord.com\/wp-content\/uploads\/2021\/02\/fondo-acerca-2.jpg\u00bb background_size=\u00bbcontain\u00bb width=\u00bb100%\u00bb max_width=\u00bb100%\u00bb custom_margin_tablet=\u00bb\u00bb custom_margin_phone=\u00bb\u00bb custom_margin_last_edited=\u00bbon|phone\u00bb custom_padding=\u00bb0px||0px||false|false\u00bb global_colors_info=\u00bb{}\u00bb][et_pb_column type=\u00bb4_4&#8243; _builder_version=\u00bb4.8.1&#8243; _module_preset=\u00bbdefault\u00bb global_colors_info=\u00bb{}\u00bb][et_pb_divider divider_weight=\u00bb0px\u00bb disabled_on=\u00bboff|off|off\u00bb _builder_version=\u00bb4.14.6&#8243; _module_preset=\u00bbdefault\u00bb height=\u00bb600px\u00bb height_tablet=\u00bb600px\u00bb height_phone=\u00bb200px\u00bb height_last_edited=\u00bbon|desktop\u00bb global_colors_info=\u00bb{}\u00bb][\/et_pb_divider][\/et_pb_column][\/et_pb_row][\/et_pb_section][et_pb_section fb_built=\u00bb1&#8243; custom_padding_last_edited=\u00bbon|tablet\u00bb admin_label=\u00bbOur Spices\u00bb _builder_version=\u00bb4.14.6&#8243; background_color=\u00bb#f3f3f1&#8243; use_background_color_gradient=\u00bbon\u00bb background_color_gradient_start=\u00bb#ffffff\u00bb background_color_gradient_end=\u00bb#f3f3f1&#8243; background_image=\u00bbhttps:\/\/todofrescord.com\/wp-content\/uploads\/2021\/02\/fondo-2-3.png\u00bb background_size=\u00bbcontain\u00bb custom_padding=\u00bb120px||6vw||false|false\u00bb custom_padding_tablet=\u00bb||32vw||false|false\u00bb custom_padding_phone=\u00bb\u00bb background_last_edited=\u00bbon|phone\u00bb background_size_tablet=\u00bbcover\u00bb background_size_phone=\u00bbcover\u00bb locked=\u00bboff\u00bb global_colors_info=\u00bb{}\u00bb][et_pb_row column_structure=\u00bb2_5,3_5&#8243; use_custom_gutter=\u00bbon\u00bb gutter_width=\u00bb1&#8243; _builder_version=\u00bb4.14.6&#8243; custom_margin=\u00bb||||false|false\u00bb custom_padding=\u00bb75px||||false|false\u00bb global_colors_info=\u00bb{}\u00bb][et_pb_column type=\u00bb2_5&#8243; _builder_version=\u00bb4.4.4&#8243; global_colors_info=\u00bb{}\u00bb][et_pb_text _builder_version=\u00bb4.8.1&#8243; text_font_size=\u00bb20px\u00bb text_line_height=\u00bb1.6em\u00bb header_2_font=\u00bb|700|||||||\u00bb header_2_font_size=\u00bb60px\u00bb z_index=\u00bb2&#8243; background_layout=\u00bbdark\u00bb max_width=\u00bb400px\u00bb max_width_tablet=\u00bb100%\u00bb max_width_phone=\u00bb\u00bb max_width_last_edited=\u00bbon|desktop\u00bb custom_padding=\u00bb20%||||false|false\u00bb text_font_size_tablet=\u00bb14px\u00bb text_font_size_phone=\u00bb\u00bb text_font_size_last_edited=\u00bbon|phone\u00bb locked=\u00bboff\u00bb global_colors_info=\u00bb{}\u00bb]<\/p>\n<h2 style=\"text-align: right;\">Misi\u00f3n<\/h2>\n<p style=\"text-align: right;\">Convertirnos en el aliado de compras de los hogares dominicanos, ahorrando tiempo y dinero a cada familia, favoreciendo as\u00ed su bienestar f\u00edsico y econ\u00f3mico.<\/p>\n<p>[\/et_pb_text][\/et_pb_column][et_pb_column type=\u00bb3_5&#8243; _builder_version=\u00bb4.4.4&#8243; global_colors_info=\u00bb{}\u00bb][et_pb_image src=\u00bbhttps:\/\/todofrescord.com\/wp-content\/uploads\/2021\/02\/tomate-1.png\u00bb title_text=\u00bbtomate 1&#8243; align=\u00bbcenter\u00bb _builder_version=\u00bb4.8.1&#8243; max_width=\u00bb70%\u00bb max_width_tablet=\u00bb40%\u00bb max_width_phone=\u00bb40%\u00bb max_width_last_edited=\u00bboff|desktop\u00bb module_alignment=\u00bbcenter\u00bb scroll_rotating_enable=\u00bbon\u00bb scroll_rotating=\u00bb0|50|50|100|20\u00b0|10\u00b0|0&#8243; locked=\u00bboff\u00bb global_colors_info=\u00bb{}\u00bb][\/et_pb_image][\/et_pb_column][\/et_pb_row][et_pb_row column_structure=\u00bb1_2,1_2&#8243; use_custom_gutter=\u00bbon\u00bb gutter_width=\u00bb1&#8243; _builder_version=\u00bb4.8.1&#8243; global_colors_info=\u00bb{}\u00bb][et_pb_column type=\u00bb1_2&#8243; _builder_version=\u00bb4.4.4&#8243; global_colors_info=\u00bb{}\u00bb][et_pb_image src=\u00bbhttps:\/\/todofrescord.com\/wp-content\/uploads\/2021\/02\/tomate-1-1.png\u00bb title_text=\u00bbtomate 1&#8243; align=\u00bbcenter\u00bb _builder_version=\u00bb4.8.1&#8243; transform_origin=\u00bb0%|0%\u00bb max_width_tablet=\u00bb45%\u00bb max_width_last_edited=\u00bboff|desktop\u00bb module_alignment=\u00bbcenter\u00bb custom_margin=\u00bb-20%|||-30%|false|false\u00bb custom_margin_tablet=\u00bb0%|||0%|false|false\u00bb custom_margin_phone=\u00bb\u00bb custom_margin_last_edited=\u00bbon|desktop\u00bb scroll_rotating_enable=\u00bbon\u00bb scroll_rotating=\u00bb0|100|100|100|20\u00b0|0\u00b0|0&#8243; locked=\u00bboff\u00bb global_colors_info=\u00bb{}\u00bb][\/et_pb_image][\/et_pb_column][et_pb_column type=\u00bb1_2&#8243; _builder_version=\u00bb4.4.4&#8243; global_colors_info=\u00bb{}\u00bb][et_pb_text _builder_version=\u00bb4.8.1&#8243; text_font_size=\u00bb20px\u00bb text_line_height=\u00bb1.6em\u00bb header_2_font=\u00bb|700|||||||\u00bb header_2_font_size=\u00bb60px\u00bb z_index=\u00bb2&#8243; background_layout=\u00bbdark\u00bb max_width=\u00bb400px\u00bb max_width_tablet=\u00bb100%\u00bb max_width_phone=\u00bb\u00bb max_width_last_edited=\u00bbon|desktop\u00bb custom_padding=\u00bb10%||||false|false\u00bb text_font_size_tablet=\u00bb14px\u00bb text_font_size_phone=\u00bb\u00bb text_font_size_last_edited=\u00bbon|phone\u00bb locked=\u00bboff\u00bb global_colors_info=\u00bb{}\u00bb]<\/p>\n<h2>Valores<\/h2>\n<p>Convertirnos en el aliado de compras de los hogares dominicanos, ahorrando tiempo y dinero a cada familia, favoreciendo as\u00ed su bienestar f\u00edsico y econ\u00f3mico.<\/p>\n<p>[\/et_pb_text][\/et_pb_column][\/et_pb_row][\/et_pb_section][et_pb_section fb_built=\u00bb1&#8243; _builder_version=\u00bb4.8.1&#8243; background_color=\u00bb#F3F3F1&#8243; global_colors_info=\u00bb{}\u00bb][et_pb_row column_structure=\u00bb1_3,1_3,1_3&#8243; _builder_version=\u00bb4.14.6&#8243; global_colors_info=\u00bb{}\u00bb][et_pb_column type=\u00bb1_3&#8243; _builder_version=\u00bb3.25&#8243; custom_padding=\u00bb|||\u00bb global_colors_info=\u00bb{}\u00bb custom_padding__hover=\u00bb|||\u00bb][\/et_pb_column][et_pb_column type=\u00bb1_3&#8243; _builder_version=\u00bb3.25&#8243; custom_padding=\u00bb|||\u00bb global_colors_info=\u00bb{}\u00bb custom_padding__hover=\u00bb|||\u00bb][\/et_pb_column][et_pb_column type=\u00bb1_3&#8243; _builder_version=\u00bb3.25&#8243; custom_padding=\u00bb|||\u00bb global_colors_info=\u00bb{}\u00bb custom_padding__hover=\u00bb|||\u00bb][\/et_pb_column][\/et_pb_row][\/et_pb_section][et_pb_section fb_built=\u00bb1&#8243; _builder_version=\u00bb4.6.5&#8243; background_color=\u00bb#232323&#8243; use_background_color_gradient=\u00bbon\u00bb background_color_gradient_start=\u00bbrgba(25,30,34,0.9)\u00bb background_color_gradient_end=\u00bbrgba(25,30,34,0.9)\u00bb background_color_gradient_overlays_image=\u00bbon\u00bb background_image=\u00bbhttps:\/\/todofrescord.com\/wp-content\/uploads\/2021\/02\/fondo-footer.jpg\u00bb custom_padding=\u00bb||50px|||\u00bb global_module=\u00bb29002&#8243; locked=\u00bboff\u00bb global_colors_info=\u00bb{}\u00bb][et_pb_row column_structure=\u00bb1_3,1_3,1_3&#8243; _builder_version=\u00bb3.25&#8243; global_colors_info=\u00bb{}\u00bb][et_pb_column type=\u00bb1_3&#8243; _builder_version=\u00bb3.0.47&#8243; custom_padding=\u00bb|||\u00bb global_colors_info=\u00bb{}\u00bb custom_padding__hover=\u00bb|||\u00bb][et_pb_text _builder_version=\u00bb4.14.6&#8243; text_text_color=\u00bb#d1d1d1&#8243; custom_padding=\u00bb7vh||||false|false\u00bb custom_padding_tablet=\u00bb0vh||||false|false\u00bb custom_padding_phone=\u00bb\u00bb custom_padding_last_edited=\u00bbon|phone\u00bb text_orientation_tablet=\u00bbcenter\u00bb text_orientation_phone=\u00bbcenter\u00bb text_orientation_last_edited=\u00bbon|phone\u00bb global_colors_info=\u00bb{}\u00bb]<\/p>\n<p><strong><a href=\"https:\/\/todofrescord.com\/contacto\/\">Contacto<\/a><\/strong><\/p>\n<p><img loading=\"lazy\" decoding=\"async\" class=\"alignnone wp-image-29400\" src=\"https:\/\/todofrescord.com\/wp-content\/uploads\/2019\/05\/ws.png\" alt=\"\" width=\"19\" height=\"19\" \/>\u00a0 849-352-3077<br \/><img loading=\"lazy\" decoding=\"async\" class=\"alignnone wp-image-29399\" src=\"https:\/\/todofrescord.com\/wp-content\/uploads\/2019\/05\/mail.png\" alt=\"\" width=\"19\" height=\"19\" \/>\u00a0 ventas@todofrescord.com<br \/><a href=\"https:\/\/todofrescord.com\/wp-content\/uploads\/2020\/04\/lugar-tf-2.png\"><img loading=\"lazy\" decoding=\"async\" src=\"https:\/\/todofrescord.com\/wp-content\/uploads\/2020\/04\/lugar-tf-2.png\" width=\"19\" height=\"19\" alt=\"\" class=\"wp-image-232828 alignnone size-full\" srcset=\"https:\/\/todofrescord.com\/wp-content\/uploads\/2020\/04\/lugar-tf-2.png 100w, https:\/\/todofrescord.com\/wp-content\/uploads\/2020\/04\/lugar-tf-2-12x12.png 12w\" sizes=\"auto, (max-width: 19px) 100vw, 19px\" \/><\/a><a href=\"https:\/\/todofrescord.com\/wp-content\/uploads\/2020\/04\/lugar-tf-1.png\"><\/a> \u00a0<span>Calle 20, no.9 Residencial Santo Domingo, Santo Domingo Oeste.<\/span><span><\/span><\/p>\n<p><span>Para Pickup, tiene oportunidad buscarlo dentro de las siguientes 24 horas posteriores a su compra. <\/span><span>Puede ponerse en contacto a trav\u00e9s del +1 (809) 952-3077.<\/span><\/p>\n<p>[\/et_pb_text][\/et_pb_column][et_pb_column type=\u00bb1_3&#8243; _builder_version=\u00bb3.0.47&#8243; custom_padding=\u00bb|||\u00bb global_colors_info=\u00bb{}\u00bb custom_padding__hover=\u00bb|||\u00bb][et_pb_image src=\u00bbhttps:\/\/todofrescord.com\/wp-content\/uploads\/2020\/04\/Nuevo-Logo.png\u00bb title_text=\u00bbNuevo Logo\u00bb align=\u00bbcenter\u00bb _builder_version=\u00bb4.14.6&#8243; _module_preset=\u00bbdefault\u00bb custom_padding=\u00bb7vh||||false|false\u00bb custom_padding_tablet=\u00bb0vh||||false|false\u00bb custom_padding_phone=\u00bb0vh||||false|false\u00bb custom_padding_last_edited=\u00bbon|desktop\u00bb global_colors_info=\u00bb{}\u00bb][\/et_pb_image][\/et_pb_column][et_pb_column type=\u00bb1_3&#8243; _builder_version=\u00bb3.0.47&#8243; custom_padding=\u00bb|||\u00bb global_colors_info=\u00bb{}\u00bb custom_padding__hover=\u00bb|||\u00bb][et_pb_text _builder_version=\u00bb4.8.1&#8243; text_text_color=\u00bb#a5a5a5&#8243; text_orientation_tablet=\u00bbcenter\u00bb text_orientation_phone=\u00bb\u00bb text_orientation_last_edited=\u00bbon|desktop\u00bb global_colors_info=\u00bb{}\u00bb]<\/p>\n<p><strong>Informaci\u00f3n Legal:<br \/> <\/strong><a href=\"https:\/\/todofrescord.com\/politicas-de-la-empresa\/\">Pol\u00edticas de Entrega, Devoluci\u00f3n, Privacidad y Pagos<\/a><\/p>\n<p>[\/et_pb_text][et_pb_text _builder_version=\u00bb4.8.1&#8243; custom_padding=\u00bb||||false|false\u00bb text_orientation_tablet=\u00bbcenter\u00bb text_orientation_phone=\u00bb\u00bb text_orientation_last_edited=\u00bbon|desktop\u00bb global_colors_info=\u00bb{}\u00bb]<\/p>\n<p><img loading=\"lazy\" decoding=\"async\" class=\"alignnone wp-image-29492\" src=\"https:\/\/todofrescord.com\/wp-content\/uploads\/2019\/05\/paypal.png\" alt=\"\" width=\"50\" height=\"33\" \/>\u00a0 <img loading=\"lazy\" decoding=\"async\" class=\"alignnone wp-image-29493\" src=\"https:\/\/todofrescord.com\/wp-content\/uploads\/2019\/05\/transferencia.png\" alt=\"\" width=\"50\" height=\"33\" \/> \u00a0<img loading=\"lazy\" decoding=\"async\" src=\"https:\/\/todofrescord.com\/wp-content\/uploads\/2019\/12\/visa.png\" width=\"50\" height=\"37\" alt=\"\" class=\"wp-image-32743 alignnone size-full\" \/><a href=\"https:\/\/todofrescord.com\/wp-content\/uploads\/2019\/12\/visa.png\">\u00a0<\/a><img loading=\"lazy\" decoding=\"async\" src=\"https:\/\/todofrescord.com\/wp-content\/uploads\/2019\/12\/mastercard.png\" width=\"50\" height=\"37\" alt=\"\" class=\"wp-image-32742 alignnone size-full\" \/><a href=\"https:\/\/todofrescord.com\/wp-content\/uploads\/2019\/12\/visa.png\">\u00a0<\/a><img loading=\"lazy\" decoding=\"async\" src=\"https:\/\/todofrescord.com\/wp-content\/uploads\/2019\/12\/amex.png\" width=\"50\" height=\"37\" alt=\"\" class=\"wp-image-32739 alignnone size-full\" \/><a href=\"https:\/\/todofrescord.com\/wp-content\/uploads\/2019\/12\/visa.png\">\u00a0<\/a><img loading=\"lazy\" decoding=\"async\" src=\"https:\/\/todofrescord.com\/wp-content\/uploads\/2019\/12\/dinners.png\" width=\"49\" height=\"36\" alt=\"\" class=\"wp-image-32740 alignnone size-full\" \/><a href=\"https:\/\/todofrescord.com\/wp-content\/uploads\/2019\/12\/visa.png\">\u00a0<\/a><img loading=\"lazy\" decoding=\"async\" src=\"https:\/\/todofrescord.com\/wp-content\/uploads\/2019\/12\/discover.png\" width=\"50\" height=\"36\" alt=\"\" class=\"wp-image-32741 alignnone size-full\" \/>\u00a0<a href=\"https:\/\/todofrescord.com\/wp-content\/uploads\/2019\/12\/mastercard-id-check.png\"><img loading=\"lazy\" decoding=\"async\" src=\"https:\/\/todofrescord.com\/wp-content\/uploads\/2019\/12\/mastercard-id-check.png\" width=\"49\" height=\"36\" alt=\"\" class=\"wp-image-32774 alignnone size-full\" \/><\/a> <a href=\"https:\/\/todofrescord.com\/wp-content\/uploads\/2019\/12\/verified.png\"><img loading=\"lazy\" decoding=\"async\" src=\"https:\/\/todofrescord.com\/wp-content\/uploads\/2019\/12\/verified.png\" width=\"50\" height=\"36\" alt=\"\" class=\"wp-image-32775 alignnone size-medium\" \/><\/a><a href=\"https:\/\/todofrescord.com\/wp-content\/uploads\/2019\/12\/visa.png\"><\/a><\/p>\n<p>[\/et_pb_text][\/et_pb_column][\/et_pb_row][\/et_pb_section]<\/p>\n","protected":false},"excerpt":{"rendered":"<p>Nuestra Visi\u00f3nA trav\u00e9s de esta plataforma, queremos convertirnos en el aliado de tus compras. Nuestro compromiso es seleccionar productos de calidad e higiene para tu hogar con los mejores precios del mercado, ahorr\u00e1ndote tiempo y dinero que puedes disfrutar con tu familia. Creemos en la familia y en la importancia de invertir tiempo en ella. [&hellip;]<\/p>\n","protected":false},"author":1,"featured_media":0,"parent":0,"menu_order":0,"comment_status":"closed","ping_status":"closed","template":"","meta":{"_et_pb_use_builder":"on","_et_pb_old_content":"","_et_gb_content_width":"","footnotes":""},"class_list":["post-28858","page","type-page","status-publish","hentry"],"jetpack_sharing_enabled":true,"_links":{"self":[{"href":"https:\/\/todofrescord.com\/en\/wp-json\/wp\/v2\/pages\/28858","targetHints":{"allow":["GET"]}}],"collection":[{"href":"https:\/\/todofrescord.com\/en\/wp-json\/wp\/v2\/pages"}],"about":[{"href":"https:\/\/todofrescord.com\/en\/wp-json\/wp\/v2\/types\/page"}],"author":[{"embeddable":true,"href":"https:\/\/todofrescord.com\/en\/wp-json\/wp\/v2\/users\/1"}],"replies":[{"embeddable":true,"href":"https:\/\/todofrescord.com\/en\/wp-json\/wp\/v2\/comments?post=28858"}],"version-history":[{"count":64,"href":"https:\/\/todofrescord.com\/en\/wp-json\/wp\/v2\/pages\/28858\/revisions"}],"predecessor-version":[{"id":233148,"href":"https:\/\/todofrescord.com\/en\/wp-json\/wp\/v2\/pages\/28858\/revisions\/233148"}],"wp:attachment":[{"href":"https:\/\/todofrescord.com\/en\/wp-json\/wp\/v2\/media?parent=28858"}],"curies":[{"name":"wp","href":"https:\/\/api.w.org\/{rel}","templated":true}]}}