{"id":232407,"date":"2022-02-28T15:46:58","date_gmt":"2022-02-28T19:46:58","guid":{"rendered":"https:\/\/todofrescord.com\/?post_type=product&#038;p=232407"},"modified":"2022-12-24T04:59:28","modified_gmt":"2022-12-24T08:59:28","slug":"sazon-dona-16oz","status":"publish","type":"product","link":"https:\/\/todofrescord.com\/en\/productos\/sazon-dona-16oz\/","title":{"rendered":"Saz\u00f3n Do\u00f1a 16oz"},"content":{"rendered":"<div>100% natural y sin conservantes<\/div>\n<div>Con vitaminas y minerales que contiene se encuentran: C, E, A, B1, B2, B3, B6, f\u00f3sforo, magnesio, potasio, calcio, \u00e1cido f\u00f3lico, carotenos, capsantina.<\/div>","protected":false},"excerpt":{"rendered":"<p>100% natural y sin conservantes Con vitaminas y minerales que contiene se encuentran: C, E, A, B1, B2, B3, B6, f\u00f3sforo, magnesio, potasio, calcio, \u00e1cido f\u00f3lico, carotenos, capsantina.<\/p>","protected":false},"featured_media":232408,"template":"","meta":{"_et_pb_use_builder":"","_et_pb_old_content":"","_et_gb_content_width":""},"product_brand":[],"product_cat":[42],"product_tag":[],"class_list":{"0":"post-232407","1":"product","2":"type-product","3":"status-publish","4":"has-post-thumbnail","6":"product_cat-especias-condimentos-azucar-y-sazones","8":"first","9":"outofstock","10":"product-type-simple"},"jetpack_sharing_enabled":true,"_links":{"self":[{"href":"https:\/\/todofrescord.com\/en\/wp-json\/wp\/v2\/product\/232407","targetHints":{"allow":["GET"]}}],"collection":[{"href":"https:\/\/todofrescord.com\/en\/wp-json\/wp\/v2\/product"}],"about":[{"href":"https:\/\/todofrescord.com\/en\/wp-json\/wp\/v2\/types\/product"}],"wp:featuredmedia":[{"embeddable":true,"href":"https:\/\/todofrescord.com\/en\/wp-json\/wp\/v2\/media\/232408"}],"wp:attachment":[{"href":"https:\/\/todofrescord.com\/en\/wp-json\/wp\/v2\/media?parent=232407"}],"wp:term":[{"taxonomy":"product_brand","embeddable":true,"href":"https:\/\/todofrescord.com\/en\/wp-json\/wp\/v2\/product_brand?post=232407"},{"taxonomy":"product_cat","embeddable":true,"href":"https:\/\/todofrescord.com\/en\/wp-json\/wp\/v2\/product_cat?post=232407"},{"taxonomy":"product_tag","embeddable":true,"href":"https:\/\/todofrescord.com\/en\/wp-json\/wp\/v2\/product_tag?post=232407"}],"curies":[{"name":"wp","href":"https:\/\/api.w.org\/{rel}","templated":true}]}}