{"id":232409,"date":"2022-02-28T17:40:12","date_gmt":"2022-02-28T21:40:12","guid":{"rendered":"https:\/\/todofrescord.com\/?post_type=product&#038;p=232409"},"modified":"2022-12-05T17:35:55","modified_gmt":"2022-12-05T21:35:55","slug":"combo-consumelonuestro","status":"publish","type":"product","link":"https:\/\/todofrescord.com\/en\/productos\/combo-consumelonuestro\/","title":{"rendered":"Combo #ConsumeLoNuestro"},"content":{"rendered":"<p>Incluye:<br \/>\n1 Saz\u00f3n Do\u00f1a 16oz<br \/>\n1 Caf\u00e9 Todofresco<br \/>\n1 Miel Origen 16oz<\/p>\n<p>Esta compra apoya productores y empresarios locales dominicanos. Compra calidad<\/p>","protected":false},"excerpt":{"rendered":"<p>Incluye: 1 Saz\u00f3n Do\u00f1a 16oz 1 Caf\u00e9 Todofresco 1 Miel Origen 16oz Esta compra apoya productores y empresarios locales dominicanos. Compra calidad<\/p>","protected":false},"featured_media":232411,"template":"","meta":{"_et_pb_use_builder":"","_et_pb_old_content":"","_et_gb_content_width":""},"product_brand":[],"product_cat":[76,42,79],"product_tag":[],"class_list":{"0":"post-232409","1":"product","2":"type-product","3":"status-publish","4":"has-post-thumbnail","6":"product_cat-de-la-granja","7":"product_cat-especias-condimentos-azucar-y-sazones","8":"product_cat-ofertas-especiales","10":"first","11":"outofstock","12":"taxable","13":"shipping-taxable","14":"product-type-simple"},"jetpack_sharing_enabled":true,"_links":{"self":[{"href":"https:\/\/todofrescord.com\/en\/wp-json\/wp\/v2\/product\/232409","targetHints":{"allow":["GET"]}}],"collection":[{"href":"https:\/\/todofrescord.com\/en\/wp-json\/wp\/v2\/product"}],"about":[{"href":"https:\/\/todofrescord.com\/en\/wp-json\/wp\/v2\/types\/product"}],"wp:featuredmedia":[{"embeddable":true,"href":"https:\/\/todofrescord.com\/en\/wp-json\/wp\/v2\/media\/232411"}],"wp:attachment":[{"href":"https:\/\/todofrescord.com\/en\/wp-json\/wp\/v2\/media?parent=232409"}],"wp:term":[{"taxonomy":"product_brand","embeddable":true,"href":"https:\/\/todofrescord.com\/en\/wp-json\/wp\/v2\/product_brand?post=232409"},{"taxonomy":"product_cat","embeddable":true,"href":"https:\/\/todofrescord.com\/en\/wp-json\/wp\/v2\/product_cat?post=232409"},{"taxonomy":"product_tag","embeddable":true,"href":"https:\/\/todofrescord.com\/en\/wp-json\/wp\/v2\/product_tag?post=232409"}],"curies":[{"name":"wp","href":"https:\/\/api.w.org\/{rel}","templated":true}]}}